{"id":120,"date":"2023-06-01T08:01:53","date_gmt":"2023-06-01T11:01:53","guid":{"rendered":"https:\/\/verticalinfos.com\/?page_id=120"},"modified":"2025-01-16T17:26:41","modified_gmt":"2025-01-16T20:26:41","slug":"contato","status":"publish","type":"page","link":"https:\/\/verticalinfos.com\/en\/contato\/","title":{"rendered":"Contato"},"content":{"rendered":"<p>Bem-vindo(a) \u00e0 nossa p\u00e1gina de contato! Aqui no <strong>Vertical Infos<\/strong>, valorizamos a comunica\u00e7\u00e3o com nossos leitores e estamos sempre \u00e0 disposi\u00e7\u00e3o para responder \u00e0s suas d\u00favidas, ouvir sugest\u00f5es e receber seu feedback.<\/p>\n\n\n\n<p><strong>Como entrar em contato conosco:<\/strong><\/p>\n\n\n\n<ul class=\"wp-block-list\">\n<li><strong>E-mail:<\/strong> <a>contato@verticalinfos.com<\/a><br>Para assuntos gerais, parcerias, sugest\u00f5es de conte\u00fado ou suporte, envie-nos um e-mail. Nossa equipe se esfor\u00e7a para responder dentro de 24 a 48 horas.<\/li>\n<\/ul>\n\n\n\n<p><strong>Por que entrar em contato com o Vertical Infos?<\/strong><\/p>\n\n\n\n<p>Nosso objetivo \u00e9 oferecer a voc\u00ea conte\u00fados que ajudem a construir uma vida financeira mais equilibrada e pr\u00f3spera. Caso tenha alguma sugest\u00e3o de tema ou queira tirar d\u00favidas sobre nossas estrat\u00e9gias e dicas, ficaremos felizes em ajudar.<\/p>\n\n\n\n<p><strong>Vertical Infos \u2013 Conectando voc\u00ea ao conhecimento financeiro.<\/strong><\/p>\n\n\n\n<p>Esperamos por sua mensagem!<\/p>","protected":false},"excerpt":{"rendered":"<p>Bem-vindo(a) \u00e0 nossa p\u00e1gina de contato! Aqui no Vertical Infos, valorizamos a comunica\u00e7\u00e3o com nossos leitores e estamos sempre \u00e0 disposi\u00e7\u00e3o para responder \u00e0s suas d\u00favidas, ouvir sugest\u00f5es e receber seu feedback. Como entrar em contato conosco: Por que entrar em contato com o Vertical Infos? Nosso objetivo \u00e9 oferecer a voc\u00ea conte\u00fados que ajudem&hellip;&nbsp;<a href=\"https:\/\/verticalinfos.com\/en\/contato\/\" rel=\"bookmark\">Read More &raquo;<span class=\"screen-reader-text\">Contato<\/span><\/a><\/p>","protected":false},"author":8,"featured_media":0,"parent":0,"menu_order":0,"comment_status":"closed","ping_status":"closed","template":"","meta":{"neve_meta_sidebar":"","neve_meta_container":"","neve_meta_enable_content_width":"","neve_meta_content_width":0,"neve_meta_title_alignment":"","neve_meta_author_avatar":"","neve_post_elements_order":"","neve_meta_disable_header":"","neve_meta_disable_footer":"","neve_meta_disable_title":"","footnotes":""},"class_list":["post-120","page","type-page","status-publish","hentry"],"yoast_head":"<!-- This site is optimized with the Yoast SEO plugin v26.8 - https:\/\/yoast.com\/product\/yoast-seo-wordpress\/ -->\n<title>Contato - Vertical Infos<\/title>\n<meta name=\"robots\" content=\"index, follow, max-snippet:-1, max-image-preview:large, max-video-preview:-1\" \/>\n<link rel=\"canonical\" href=\"https:\/\/verticalinfos.com\/en\/contato\/\" \/>\n<meta property=\"og:locale\" content=\"en_US\" \/>\n<meta property=\"og:type\" content=\"article\" \/>\n<meta property=\"og:title\" content=\"Contato - Vertical Infos\" \/>\n<meta property=\"og:description\" content=\"Bem-vindo(a) \u00e0 nossa p\u00e1gina de contato! Aqui no Vertical Infos, valorizamos a comunica\u00e7\u00e3o com nossos leitores e estamos sempre \u00e0 disposi\u00e7\u00e3o para responder \u00e0s suas d\u00favidas, ouvir sugest\u00f5es e receber seu feedback. Como entrar em contato conosco: Por que entrar em contato com o Vertical Infos? Nosso objetivo \u00e9 oferecer a voc\u00ea conte\u00fados que ajudem&hellip;&nbsp;Read More &raquo;Contato\" \/>\n<meta property=\"og:url\" content=\"https:\/\/verticalinfos.com\/en\/contato\/\" \/>\n<meta property=\"og:site_name\" content=\"Vertical Infos\" \/>\n<meta property=\"article:modified_time\" content=\"2025-01-16T20:26:41+00:00\" \/>\n<meta name=\"twitter:card\" content=\"summary_large_image\" \/>\n<meta name=\"twitter:label1\" content=\"Est. reading time\" \/>\n\t<meta name=\"twitter:data1\" content=\"1 minute\" \/>\n<script type=\"application\/ld+json\" class=\"yoast-schema-graph\">{\"@context\":\"https:\/\/schema.org\",\"@graph\":[{\"@type\":\"WebPage\",\"@id\":\"https:\/\/verticalinfos.com\/contato\/\",\"url\":\"https:\/\/verticalinfos.com\/contato\/\",\"name\":\"Contato - Vertical Infos\",\"isPartOf\":{\"@id\":\"https:\/\/verticalinfos.com\/#website\"},\"datePublished\":\"2023-06-01T11:01:53+00:00\",\"dateModified\":\"2025-01-16T20:26:41+00:00\",\"breadcrumb\":{\"@id\":\"https:\/\/verticalinfos.com\/contato\/#breadcrumb\"},\"inLanguage\":\"en-US\",\"potentialAction\":[{\"@type\":\"ReadAction\",\"target\":[\"https:\/\/verticalinfos.com\/contato\/\"]}]},{\"@type\":\"BreadcrumbList\",\"@id\":\"https:\/\/verticalinfos.com\/contato\/#breadcrumb\",\"itemListElement\":[{\"@type\":\"ListItem\",\"position\":1,\"name\":\"In\u00edcio\",\"item\":\"https:\/\/verticalinfos.com\/\"},{\"@type\":\"ListItem\",\"position\":2,\"name\":\"Contato\"}]},{\"@type\":\"WebSite\",\"@id\":\"https:\/\/verticalinfos.com\/#website\",\"url\":\"https:\/\/verticalinfos.com\/\",\"name\":\"Vertical Infos\",\"description\":\"\",\"potentialAction\":[{\"@type\":\"SearchAction\",\"target\":{\"@type\":\"EntryPoint\",\"urlTemplate\":\"https:\/\/verticalinfos.com\/?s={search_term_string}\"},\"query-input\":{\"@type\":\"PropertyValueSpecification\",\"valueRequired\":true,\"valueName\":\"search_term_string\"}}],\"inLanguage\":\"en-US\"}]}<\/script>\n<!-- \/ Yoast SEO plugin. -->","yoast_head_json":{"title":"Contato - Vertical Infos","robots":{"index":"index","follow":"follow","max-snippet":"max-snippet:-1","max-image-preview":"max-image-preview:large","max-video-preview":"max-video-preview:-1"},"canonical":"https:\/\/verticalinfos.com\/en\/contato\/","og_locale":"en_US","og_type":"article","og_title":"Contato - Vertical Infos","og_description":"Bem-vindo(a) \u00e0 nossa p\u00e1gina de contato! Aqui no Vertical Infos, valorizamos a comunica\u00e7\u00e3o com nossos leitores e estamos sempre \u00e0 disposi\u00e7\u00e3o para responder \u00e0s suas d\u00favidas, ouvir sugest\u00f5es e receber seu feedback. Como entrar em contato conosco: Por que entrar em contato com o Vertical Infos? Nosso objetivo \u00e9 oferecer a voc\u00ea conte\u00fados que ajudem&hellip;&nbsp;Read More &raquo;Contato","og_url":"https:\/\/verticalinfos.com\/en\/contato\/","og_site_name":"Vertical Infos","article_modified_time":"2025-01-16T20:26:41+00:00","twitter_card":"summary_large_image","twitter_misc":{"Est. reading time":"1 minute"},"schema":{"@context":"https:\/\/schema.org","@graph":[{"@type":"WebPage","@id":"https:\/\/verticalinfos.com\/contato\/","url":"https:\/\/verticalinfos.com\/contato\/","name":"Contato - Vertical Infos","isPartOf":{"@id":"https:\/\/verticalinfos.com\/#website"},"datePublished":"2023-06-01T11:01:53+00:00","dateModified":"2025-01-16T20:26:41+00:00","breadcrumb":{"@id":"https:\/\/verticalinfos.com\/contato\/#breadcrumb"},"inLanguage":"en-US","potentialAction":[{"@type":"ReadAction","target":["https:\/\/verticalinfos.com\/contato\/"]}]},{"@type":"BreadcrumbList","@id":"https:\/\/verticalinfos.com\/contato\/#breadcrumb","itemListElement":[{"@type":"ListItem","position":1,"name":"In\u00edcio","item":"https:\/\/verticalinfos.com\/"},{"@type":"ListItem","position":2,"name":"Contato"}]},{"@type":"WebSite","@id":"https:\/\/verticalinfos.com\/#website","url":"https:\/\/verticalinfos.com\/","name":"Vertical Infos","description":"","potentialAction":[{"@type":"SearchAction","target":{"@type":"EntryPoint","urlTemplate":"https:\/\/verticalinfos.com\/?s={search_term_string}"},"query-input":{"@type":"PropertyValueSpecification","valueRequired":true,"valueName":"search_term_string"}}],"inLanguage":"en-US"}]}},"_links":{"self":[{"href":"https:\/\/verticalinfos.com\/en\/wp-json\/wp\/v2\/pages\/120","targetHints":{"allow":["GET"]}}],"collection":[{"href":"https:\/\/verticalinfos.com\/en\/wp-json\/wp\/v2\/pages"}],"about":[{"href":"https:\/\/verticalinfos.com\/en\/wp-json\/wp\/v2\/types\/page"}],"author":[{"embeddable":true,"href":"https:\/\/verticalinfos.com\/en\/wp-json\/wp\/v2\/users\/8"}],"replies":[{"embeddable":true,"href":"https:\/\/verticalinfos.com\/en\/wp-json\/wp\/v2\/comments?post=120"}],"version-history":[{"count":4,"href":"https:\/\/verticalinfos.com\/en\/wp-json\/wp\/v2\/pages\/120\/revisions"}],"predecessor-version":[{"id":431,"href":"https:\/\/verticalinfos.com\/en\/wp-json\/wp\/v2\/pages\/120\/revisions\/431"}],"wp:attachment":[{"href":"https:\/\/verticalinfos.com\/en\/wp-json\/wp\/v2\/media?parent=120"}],"curies":[{"name":"wp","href":"https:\/\/api.w.org\/{rel}","templated":true}]}}